{"id":28,"date":"2025-05-10T21:25:35","date_gmt":"2025-05-10T21:25:35","guid":{"rendered":"https:\/\/estudio75.cl\/?page_id=28"},"modified":"2025-06-29T17:10:21","modified_gmt":"2025-06-29T17:10:21","slug":"blog","status":"publish","type":"page","link":"https:\/\/estudio75.cl\/index.php\/blog\/","title":{"rendered":"Blog"},"content":{"rendered":"\t\t<div data-elementor-type=\"wp-page\" data-elementor-id=\"28\" class=\"elementor elementor-28\" data-elementor-post-type=\"page\">\n\t\t\t\t<div class=\"elementor-element elementor-element-c6111aa e-flex e-con-boxed e-con e-parent\" data-id=\"c6111aa\" data-element_type=\"container\" data-e-type=\"container\" data-settings=\"{&quot;background_background&quot;:&quot;classic&quot;}\">\n\t\t\t\t\t<div class=\"e-con-inner\">\n\t\t\t\t<div class=\"elementor-element elementor-element-4f2b05d elementor-widget elementor-widget-heading\" data-id=\"4f2b05d\" data-element_type=\"widget\" data-e-type=\"widget\" data-widget_type=\"heading.default\">\n\t\t\t\t\t<h1 class=\"elementor-heading-title elementor-size-default\">Blog<\/h1>\t\t\t\t<\/div>\n\t\t\t\t\t<\/div>\n\t\t\t\t<\/div>\n\t\t<div class=\"elementor-element elementor-element-b9696f9 e-flex e-con-boxed e-con e-parent\" data-id=\"b9696f9\" data-element_type=\"container\" data-e-type=\"container\">\n\t\t\t\t\t<div class=\"e-con-inner\">\n\t\t\t\t<div class=\"elementor-element elementor-element-ff8441a elementor-widget elementor-widget-text-editor\" data-id=\"ff8441a\" data-element_type=\"widget\" data-e-type=\"widget\" data-widget_type=\"text-editor.default\">\n\t\t\t\t\t\t\t\t\t<p>Descubre ideas, tendencias y consejos en construcci\u00f3n, remodelaciones, dise\u00f1o de quinchos, paisajismo y piscinas. Insp\u00edrate con nuestros proyectos y transforma tus espacios con soluciones que combinan funcionalidad, est\u00e9tica y calidad.<\/p>\t\t\t\t\t\t\t\t<\/div>\n\t\t\t\t\t<\/div>\n\t\t\t\t<\/div>\n\t\t<div class=\"elementor-element elementor-element-bb49ce4 e-flex e-con-boxed e-con e-parent\" data-id=\"bb49ce4\" data-element_type=\"container\" data-e-type=\"container\">\n\t\t\t\t\t<div class=\"e-con-inner\">\n\t\t\t\t<div class=\"elementor-element elementor-element-8416309 elementor-nav-menu__align-center elementor-nav-menu--dropdown-tablet elementor-nav-menu__text-align-aside elementor-nav-menu--toggle elementor-nav-menu--burger elementor-widget elementor-widget-nav-menu\" data-id=\"8416309\" data-element_type=\"widget\" data-e-type=\"widget\" data-settings=\"{&quot;toggle_icon_hover_animation&quot;:&quot;grow&quot;,&quot;layout&quot;:&quot;horizontal&quot;,&quot;submenu_icon&quot;:{&quot;value&quot;:&quot;&lt;svg aria-hidden=\\&quot;true\\&quot; class=\\&quot;e-font-icon-svg e-fas-caret-down\\&quot; viewBox=\\&quot;0 0 320 512\\&quot; xmlns=\\&quot;http:\\\/\\\/www.w3.org\\\/2000\\\/svg\\&quot;&gt;&lt;path d=\\&quot;M31.3 192h257.3c17.8 0 26.7 21.5 14.1 34.1L174.1 354.8c-7.8 7.8-20.5 7.8-28.3 0L17.2 226.1C4.6 213.5 13.5 192 31.3 192z\\&quot;&gt;&lt;\\\/path&gt;&lt;\\\/svg&gt;&quot;,&quot;library&quot;:&quot;fa-solid&quot;},&quot;toggle&quot;:&quot;burger&quot;}\" data-widget_type=\"nav-menu.default\">\n\t\t\t\t\t\t\t\t<nav aria-label=\"Men\u00fa\" class=\"elementor-nav-menu--main elementor-nav-menu__container elementor-nav-menu--layout-horizontal e--pointer-none\">\n\t\t\t\t<ul id=\"menu-1-8416309\" class=\"elementor-nav-menu\"><li class=\"menu-item menu-item-type-custom menu-item-object-custom menu-item-442\"><a href=\"https:\/\/estudio75.cl\/index.php\/blog\/\" class=\"elementor-item\">Todos<\/a><\/li>\n<li class=\"menu-item menu-item-type-taxonomy menu-item-object-category menu-item-439\"><a href=\"https:\/\/estudio75.cl\/index.php\/category\/consejos-de-arquitectura-y-remodelacion\/\" class=\"elementor-item\">Consejos de Arquitectura y Remodelaci\u00f3n<\/a><\/li>\n<li class=\"menu-item menu-item-type-taxonomy menu-item-object-category menu-item-440\"><a href=\"https:\/\/estudio75.cl\/index.php\/category\/ideastendencias\/\" class=\"elementor-item\">Ideas &amp; Tendencias<\/a><\/li>\n<li class=\"menu-item menu-item-type-taxonomy menu-item-object-category menu-item-441\"><a href=\"https:\/\/estudio75.cl\/index.php\/category\/noticiasproyectos\/\" class=\"elementor-item\">Noticias y Proyectos<\/a><\/li>\n<\/ul>\t\t\t<\/nav>\n\t\t\t\t\t<div class=\"elementor-menu-toggle\" role=\"button\" tabindex=\"0\" aria-label=\"Alternar men\u00fa\" aria-expanded=\"false\">\n\t\t\t<svg aria-hidden=\"true\" role=\"presentation\" class=\"elementor-menu-toggle__icon--open elementor-animation-grow e-font-icon-svg e-eicon-menu-bar\" viewBox=\"0 0 1000 1000\" xmlns=\"http:\/\/www.w3.org\/2000\/svg\"><path d=\"M104 333H896C929 333 958 304 958 271S929 208 896 208H104C71 208 42 237 42 271S71 333 104 333ZM104 583H896C929 583 958 554 958 521S929 458 896 458H104C71 458 42 487 42 521S71 583 104 583ZM104 833H896C929 833 958 804 958 771S929 708 896 708H104C71 708 42 737 42 771S71 833 104 833Z\"><\/path><\/svg><svg aria-hidden=\"true\" role=\"presentation\" class=\"elementor-menu-toggle__icon--close elementor-animation-grow e-font-icon-svg e-eicon-close\" viewBox=\"0 0 1000 1000\" xmlns=\"http:\/\/www.w3.org\/2000\/svg\"><path d=\"M742 167L500 408 258 167C246 154 233 150 217 150 196 150 179 158 167 167 154 179 150 196 150 212 150 229 154 242 171 254L408 500 167 742C138 771 138 800 167 829 196 858 225 858 254 829L496 587 738 829C750 842 767 846 783 846 800 846 817 842 829 829 842 817 846 804 846 783 846 767 842 750 829 737L588 500 833 258C863 229 863 200 833 171 804 137 775 137 742 167Z\"><\/path><\/svg>\t\t<\/div>\n\t\t\t\t\t<nav class=\"elementor-nav-menu--dropdown elementor-nav-menu__container\" aria-hidden=\"true\">\n\t\t\t\t<ul id=\"menu-2-8416309\" class=\"elementor-nav-menu\"><li class=\"menu-item menu-item-type-custom menu-item-object-custom menu-item-442\"><a href=\"https:\/\/estudio75.cl\/index.php\/blog\/\" class=\"elementor-item\" tabindex=\"-1\">Todos<\/a><\/li>\n<li class=\"menu-item menu-item-type-taxonomy menu-item-object-category menu-item-439\"><a href=\"https:\/\/estudio75.cl\/index.php\/category\/consejos-de-arquitectura-y-remodelacion\/\" class=\"elementor-item\" tabindex=\"-1\">Consejos de Arquitectura y Remodelaci\u00f3n<\/a><\/li>\n<li class=\"menu-item menu-item-type-taxonomy menu-item-object-category menu-item-440\"><a href=\"https:\/\/estudio75.cl\/index.php\/category\/ideastendencias\/\" class=\"elementor-item\" tabindex=\"-1\">Ideas &amp; Tendencias<\/a><\/li>\n<li class=\"menu-item menu-item-type-taxonomy menu-item-object-category menu-item-441\"><a href=\"https:\/\/estudio75.cl\/index.php\/category\/noticiasproyectos\/\" class=\"elementor-item\" tabindex=\"-1\">Noticias y Proyectos<\/a><\/li>\n<\/ul>\t\t\t<\/nav>\n\t\t\t\t\t\t<\/div>\n\t\t\t\t\t<\/div>\n\t\t\t\t<\/div>\n\t\t<div class=\"elementor-element elementor-element-a826e39 e-flex e-con-boxed e-con e-parent\" data-id=\"a826e39\" data-element_type=\"container\" data-e-type=\"container\">\n\t\t\t\t\t<div class=\"e-con-inner\">\n\t\t<div class=\"elementor-element elementor-element-d58ae9f e-con-full e-flex e-con e-child\" data-id=\"d58ae9f\" data-element_type=\"container\" data-e-type=\"container\">\n\t\t\t\t<div class=\"elementor-element elementor-element-d579068 elementor-grid-2 elementor-grid-tablet-2 elementor-grid-mobile-1 elementor-posts--thumbnail-top elementor-card-shadow-yes elementor-posts__hover-gradient elementor-widget elementor-widget-posts\" data-id=\"d579068\" data-element_type=\"widget\" data-e-type=\"widget\" data-settings=\"{&quot;cards_columns&quot;:&quot;2&quot;,&quot;cards_masonry&quot;:&quot;yes&quot;,&quot;cards_columns_tablet&quot;:&quot;2&quot;,&quot;cards_columns_mobile&quot;:&quot;1&quot;,&quot;cards_row_gap&quot;:{&quot;unit&quot;:&quot;px&quot;,&quot;size&quot;:35,&quot;sizes&quot;:[]},&quot;cards_row_gap_widescreen&quot;:{&quot;unit&quot;:&quot;px&quot;,&quot;size&quot;:&quot;&quot;,&quot;sizes&quot;:[]},&quot;cards_row_gap_laptop&quot;:{&quot;unit&quot;:&quot;px&quot;,&quot;size&quot;:&quot;&quot;,&quot;sizes&quot;:[]},&quot;cards_row_gap_tablet_extra&quot;:{&quot;unit&quot;:&quot;px&quot;,&quot;size&quot;:&quot;&quot;,&quot;sizes&quot;:[]},&quot;cards_row_gap_tablet&quot;:{&quot;unit&quot;:&quot;px&quot;,&quot;size&quot;:&quot;&quot;,&quot;sizes&quot;:[]},&quot;cards_row_gap_mobile_extra&quot;:{&quot;unit&quot;:&quot;px&quot;,&quot;size&quot;:&quot;&quot;,&quot;sizes&quot;:[]},&quot;cards_row_gap_mobile&quot;:{&quot;unit&quot;:&quot;px&quot;,&quot;size&quot;:&quot;&quot;,&quot;sizes&quot;:[]}}\" data-widget_type=\"posts.cards\">\n\t\t\t\t<div class=\"elementor-widget-container\">\n\t\t\t\t\t\t\t<div class=\"elementor-posts-container elementor-posts elementor-posts--skin-cards elementor-grid\" role=\"list\">\n\t\t\t\t<article class=\"elementor-post elementor-grid-item post-464 post type-post status-publish format-standard has-post-thumbnail hentry category-ideastendencias\" role=\"listitem\">\n\t\t\t<div class=\"elementor-post__card\">\n\t\t\t\t<a class=\"elementor-post__thumbnail__link\" href=\"https:\/\/estudio75.cl\/index.php\/2025\/06\/29\/tendencias-de-combinaciones-de-materiales-y-paletas-de-color-en-construccion-y-arquitectura-este-2025-en-chile\/\" tabindex=\"-1\" ><div class=\"elementor-post__thumbnail\"><img fetchpriority=\"high\" decoding=\"async\" width=\"214\" height=\"300\" src=\"https:\/\/estudio75.cl\/wp-content\/uploads\/2025\/06\/cerrar-mano-sujetando-la-paleta-de-colores-214x300.jpg\" class=\"attachment-medium size-medium wp-image-465\" alt=\"Combinaciones de materiales y paletas de color\" srcset=\"https:\/\/estudio75.cl\/wp-content\/uploads\/2025\/06\/cerrar-mano-sujetando-la-paleta-de-colores-214x300.jpg 214w, https:\/\/estudio75.cl\/wp-content\/uploads\/2025\/06\/cerrar-mano-sujetando-la-paleta-de-colores-731x1024.jpg 731w, https:\/\/estudio75.cl\/wp-content\/uploads\/2025\/06\/cerrar-mano-sujetando-la-paleta-de-colores-768x1075.jpg 768w, https:\/\/estudio75.cl\/wp-content\/uploads\/2025\/06\/cerrar-mano-sujetando-la-paleta-de-colores-1097x1536.jpg 1097w, https:\/\/estudio75.cl\/wp-content\/uploads\/2025\/06\/cerrar-mano-sujetando-la-paleta-de-colores-1463x2048.jpg 1463w, https:\/\/estudio75.cl\/wp-content\/uploads\/2025\/06\/cerrar-mano-sujetando-la-paleta-de-colores-scaled.jpg 1829w\" sizes=\"(max-width: 214px) 100vw, 214px\" \/><\/div><\/a>\n\t\t\t\t<div class=\"elementor-post__badge\">Ideas &amp; Tendencias<\/div>\n\t\t\t\t<div class=\"elementor-post__text\">\n\t\t\t\t<h3 class=\"elementor-post__title\">\n\t\t\t<a href=\"https:\/\/estudio75.cl\/index.php\/2025\/06\/29\/tendencias-de-combinaciones-de-materiales-y-paletas-de-color-en-construccion-y-arquitectura-este-2025-en-chile\/\" >\n\t\t\t\tTendencias de Combinaciones de materiales y paletas de color en construcci\u00f3n y arquitectura este 2025 en chile\t\t\t<\/a>\n\t\t<\/h3>\n\t\t\t\t<div class=\"elementor-post__excerpt\">\n\t\t\t<p>Materiales en Tendencia Madera certificada y laminada estructural: Se consolida como material esencial por su aporte ecol\u00f3gico, capacidad de secuestrar carbono y su versatilidad est\u00e9tica.<\/p>\n\t\t<\/div>\n\t\t\n\t\t<a class=\"elementor-post__read-more\" href=\"https:\/\/estudio75.cl\/index.php\/2025\/06\/29\/tendencias-de-combinaciones-de-materiales-y-paletas-de-color-en-construccion-y-arquitectura-este-2025-en-chile\/\" aria-label=\"M\u00e1s informaci\u00f3n sobre Tendencias de Combinaciones de materiales y paletas de color en construcci\u00f3n y arquitectura este 2025 en chile\" tabindex=\"-1\" >\n\t\t\tLeer m\u00e1s \u00bb\t\t<\/a>\n\n\t\t\t\t<\/div>\n\t\t\t\t<div class=\"elementor-post__meta-data\">\n\t\t\t\t\t<span class=\"elementor-post-date\">\n\t\t\tjunio 29, 2025\t\t<\/span>\n\t\t\t\t<\/div>\n\t\t\t\t\t<\/div>\n\t\t<\/article>\n\t\t\t\t<article class=\"elementor-post elementor-grid-item post-460 post type-post status-publish format-standard has-post-thumbnail hentry category-consejos-de-arquitectura-y-remodelacion\" role=\"listitem\">\n\t\t\t<div class=\"elementor-post__card\">\n\t\t\t\t<a class=\"elementor-post__thumbnail__link\" href=\"https:\/\/estudio75.cl\/index.php\/2025\/06\/29\/remodelar-sin-estres-6-consejos-clave-antes-de-comenzar-tu-proyecto\/\" tabindex=\"-1\" ><div class=\"elementor-post__thumbnail\"><img decoding=\"async\" width=\"300\" height=\"225\" src=\"https:\/\/estudio75.cl\/wp-content\/uploads\/2025\/06\/remodelacion-2-300x225.jpg\" class=\"attachment-medium size-medium wp-image-461\" alt=\"Remodelacio\u0301n cocina\" srcset=\"https:\/\/estudio75.cl\/wp-content\/uploads\/2025\/06\/remodelacion-2-300x225.jpg 300w, https:\/\/estudio75.cl\/wp-content\/uploads\/2025\/06\/remodelacion-2-768x576.jpg 768w, https:\/\/estudio75.cl\/wp-content\/uploads\/2025\/06\/remodelacion-2.jpg 904w\" sizes=\"(max-width: 300px) 100vw, 300px\" \/><\/div><\/a>\n\t\t\t\t<div class=\"elementor-post__badge\">Consejos de Arquitectura y Remodelaci\u00f3n<\/div>\n\t\t\t\t<div class=\"elementor-post__text\">\n\t\t\t\t<h3 class=\"elementor-post__title\">\n\t\t\t<a href=\"https:\/\/estudio75.cl\/index.php\/2025\/06\/29\/remodelar-sin-estres-6-consejos-clave-antes-de-comenzar-tu-proyecto\/\" >\n\t\t\t\tRemodelar sin estr\u00e9s: 6 consejos clave antes de comenzar tu proyecto\t\t\t<\/a>\n\t\t<\/h3>\n\t\t\t\t<div class=\"elementor-post__excerpt\">\n\t\t\t<p>Remodelar puede ser una experiencia emocionante o una fuente de frustraci\u00f3n\u2026 todo depende de c\u00f3mo lo planifiques. En Estudio 75 llevamos a\u00f1os ayudando a familias a transformar sus hogares, y te compartimos 6 claves fundamentales para que tu proyecto fluya sin sobresaltos.<\/p>\n\t\t<\/div>\n\t\t\n\t\t<a class=\"elementor-post__read-more\" href=\"https:\/\/estudio75.cl\/index.php\/2025\/06\/29\/remodelar-sin-estres-6-consejos-clave-antes-de-comenzar-tu-proyecto\/\" aria-label=\"M\u00e1s informaci\u00f3n sobre Remodelar sin estr\u00e9s: 6 consejos clave antes de comenzar tu proyecto\" tabindex=\"-1\" >\n\t\t\tLeer m\u00e1s \u00bb\t\t<\/a>\n\n\t\t\t\t<\/div>\n\t\t\t\t<div class=\"elementor-post__meta-data\">\n\t\t\t\t\t<span class=\"elementor-post-date\">\n\t\t\tjunio 29, 2025\t\t<\/span>\n\t\t\t\t<\/div>\n\t\t\t\t\t<\/div>\n\t\t<\/article>\n\t\t\t\t<article class=\"elementor-post elementor-grid-item post-420 post type-post status-publish format-standard has-post-thumbnail hentry category-ideastendencias\" role=\"listitem\">\n\t\t\t<div class=\"elementor-post__card\">\n\t\t\t\t<a class=\"elementor-post__thumbnail__link\" href=\"https:\/\/estudio75.cl\/index.php\/2025\/06\/29\/5-tendencias-2025-para-renovar-tu-quincho\/\" tabindex=\"-1\" ><div class=\"elementor-post__thumbnail\"><img decoding=\"async\" width=\"300\" height=\"227\" src=\"https:\/\/estudio75.cl\/wp-content\/uploads\/2025\/06\/Quincho-Esteban-Castro-providencia01-300x227.jpg\" class=\"attachment-medium size-medium wp-image-312\" alt=\"El centro de tus reuniones en Providencia\" srcset=\"https:\/\/estudio75.cl\/wp-content\/uploads\/2025\/06\/Quincho-Esteban-Castro-providencia01-300x227.jpg 300w, https:\/\/estudio75.cl\/wp-content\/uploads\/2025\/06\/Quincho-Esteban-Castro-providencia01-1024x773.jpg 1024w, https:\/\/estudio75.cl\/wp-content\/uploads\/2025\/06\/Quincho-Esteban-Castro-providencia01-768x580.jpg 768w, https:\/\/estudio75.cl\/wp-content\/uploads\/2025\/06\/Quincho-Esteban-Castro-providencia01.jpg 1515w\" sizes=\"(max-width: 300px) 100vw, 300px\" \/><\/div><\/a>\n\t\t\t\t<div class=\"elementor-post__badge\">Ideas &amp; Tendencias<\/div>\n\t\t\t\t<div class=\"elementor-post__text\">\n\t\t\t\t<h3 class=\"elementor-post__title\">\n\t\t\t<a href=\"https:\/\/estudio75.cl\/index.php\/2025\/06\/29\/5-tendencias-2025-para-renovar-tu-quincho\/\" >\n\t\t\t\t5 Tendencias 2025 para renovar tu quincho y transformarlo en el alma de tu casa\t\t\t<\/a>\n\t\t<\/h3>\n\t\t\t\t<div class=\"elementor-post__excerpt\">\n\t\t\t<p>El quincho ha dejado de ser solo un espacio para asados: hoy es un verdadero centro de encuentro familiar y social. En Estudio 75, observamos c\u00f3mo las preferencias de dise\u00f1o han evolucionado, buscando mayor funcionalidad, est\u00e9tica y conexi\u00f3n con el entorno. Aqu\u00ed te contamos las 5 tendencias que est\u00e1n marcando pauta este 2025.<\/p>\n\t\t<\/div>\n\t\t\n\t\t<a class=\"elementor-post__read-more\" href=\"https:\/\/estudio75.cl\/index.php\/2025\/06\/29\/5-tendencias-2025-para-renovar-tu-quincho\/\" aria-label=\"M\u00e1s informaci\u00f3n sobre 5 Tendencias 2025 para renovar tu quincho y transformarlo en el alma de tu casa\" tabindex=\"-1\" >\n\t\t\tLeer m\u00e1s \u00bb\t\t<\/a>\n\n\t\t\t\t<\/div>\n\t\t\t\t<div class=\"elementor-post__meta-data\">\n\t\t\t\t\t<span class=\"elementor-post-date\">\n\t\t\tjunio 29, 2025\t\t<\/span>\n\t\t\t\t<\/div>\n\t\t\t\t\t<\/div>\n\t\t<\/article>\n\t\t\t\t<\/div>\n\t\t\n\t\t\t\t\t\t<\/div>\n\t\t\t\t<\/div>\n\t\t\t\t<\/div>\n\t\t<div class=\"elementor-element elementor-element-b710799 e-con-full e-flex e-con e-child\" data-id=\"b710799\" data-element_type=\"container\" data-e-type=\"container\">\n\t\t\t\t<\/div>\n\t\t\t\t\t<\/div>\n\t\t\t\t<\/div>\n\t\t\t\t<\/div>\n\t\t","protected":false},"excerpt":{"rendered":"<p>Blog Descubre ideas, tendencias y consejos en construcci\u00f3n, remodelaciones, dise\u00f1o de quinchos, paisajismo y piscinas. Insp\u00edrate con nuestros proyectos y transforma tus espacios con soluciones que combinan funcionalidad, est\u00e9tica y calidad.<\/p>\n","protected":false},"author":1,"featured_media":0,"parent":0,"menu_order":0,"comment_status":"closed","ping_status":"closed","template":"elementor_header_footer","meta":{"footnotes":""},"class_list":["post-28","page","type-page","status-publish","hentry"],"yoast_head":"<!-- This site is optimized with the Yoast SEO plugin v27.4 - https:\/\/yoast.com\/product\/yoast-seo-wordpress\/ -->\n<title>Blog - Estudio 75<\/title>\n<meta name=\"robots\" content=\"index, follow, max-snippet:-1, max-image-preview:large, max-video-preview:-1\" \/>\n<link rel=\"canonical\" href=\"https:\/\/estudio75.cl\/index.php\/blog\/\" \/>\n<meta property=\"og:locale\" content=\"es_ES\" \/>\n<meta property=\"og:type\" content=\"article\" \/>\n<meta property=\"og:title\" content=\"Blog - Estudio 75\" \/>\n<meta property=\"og:description\" content=\"Blog Descubre ideas, tendencias y consejos en construcci\u00f3n, remodelaciones, dise\u00f1o de quinchos, paisajismo y piscinas. Insp\u00edrate con nuestros proyectos y transforma tus espacios con soluciones que combinan funcionalidad, est\u00e9tica y calidad.\" \/>\n<meta property=\"og:url\" content=\"https:\/\/estudio75.cl\/index.php\/blog\/\" \/>\n<meta property=\"og:site_name\" content=\"Estudio 75\" \/>\n<meta property=\"article:publisher\" content=\"https:\/\/www.facebook.com\/estudio75\" \/>\n<meta property=\"article:modified_time\" content=\"2025-06-29T17:10:21+00:00\" \/>\n<meta name=\"twitter:card\" content=\"summary_large_image\" \/>\n<meta name=\"twitter:label1\" content=\"Tiempo de lectura\" \/>\n\t<meta name=\"twitter:data1\" content=\"1 minuto\" \/>\n<script type=\"application\/ld+json\" class=\"yoast-schema-graph\">{\"@context\":\"https:\\\/\\\/schema.org\",\"@graph\":[{\"@type\":\"WebPage\",\"@id\":\"https:\\\/\\\/estudio75.cl\\\/index.php\\\/blog\\\/\",\"url\":\"https:\\\/\\\/estudio75.cl\\\/index.php\\\/blog\\\/\",\"name\":\"Blog - Estudio 75\",\"isPartOf\":{\"@id\":\"https:\\\/\\\/estudio75.cl\\\/#website\"},\"datePublished\":\"2025-05-10T21:25:35+00:00\",\"dateModified\":\"2025-06-29T17:10:21+00:00\",\"breadcrumb\":{\"@id\":\"https:\\\/\\\/estudio75.cl\\\/index.php\\\/blog\\\/#breadcrumb\"},\"inLanguage\":\"es\",\"potentialAction\":[{\"@type\":\"ReadAction\",\"target\":[\"https:\\\/\\\/estudio75.cl\\\/index.php\\\/blog\\\/\"]}]},{\"@type\":\"BreadcrumbList\",\"@id\":\"https:\\\/\\\/estudio75.cl\\\/index.php\\\/blog\\\/#breadcrumb\",\"itemListElement\":[{\"@type\":\"ListItem\",\"position\":1,\"name\":\"Portada\",\"item\":\"https:\\\/\\\/estudio75.cl\\\/\"},{\"@type\":\"ListItem\",\"position\":2,\"name\":\"Blog\"}]},{\"@type\":\"WebSite\",\"@id\":\"https:\\\/\\\/estudio75.cl\\\/#website\",\"url\":\"https:\\\/\\\/estudio75.cl\\\/\",\"name\":\"Estudio 75\",\"description\":\"Espacios cotidianos, experiencias extraordinarias.  En Estudio 75 dise\u00f1amos y construimos proyectos que transforman lo cotidiano en algo memorable. Somos un estudio especializado en arquitectura menor, dise\u00f1o de interiores y soluciones personalizadas como quinchos, piscinas y remodelaciones, combinando est\u00e9tica, funcionalidad y detalles que marcan la diferencia.  Como parte del ecosistema de BE Arquitectos \u2014firma con m\u00e1s de una d\u00e9cada de experiencia en dise\u00f1o y paisajismo\u2014 trabajamos con una mirada integral, profesional y cercana. Cada proyecto es \u00fanico, y lo abordamos desde la escucha, la creatividad y la eficiencia constructiva.  Creamos espacios que mejoran la vida de las personas, respetan su entorno y elevan la experiencia de habitar.\",\"publisher\":{\"@id\":\"https:\\\/\\\/estudio75.cl\\\/#organization\"},\"potentialAction\":[{\"@type\":\"SearchAction\",\"target\":{\"@type\":\"EntryPoint\",\"urlTemplate\":\"https:\\\/\\\/estudio75.cl\\\/?s={search_term_string}\"},\"query-input\":{\"@type\":\"PropertyValueSpecification\",\"valueRequired\":true,\"valueName\":\"search_term_string\"}}],\"inLanguage\":\"es\"},{\"@type\":\"Organization\",\"@id\":\"https:\\\/\\\/estudio75.cl\\\/#organization\",\"name\":\"Estudio 75\",\"url\":\"https:\\\/\\\/estudio75.cl\\\/\",\"logo\":{\"@type\":\"ImageObject\",\"inLanguage\":\"es\",\"@id\":\"https:\\\/\\\/estudio75.cl\\\/#\\\/schema\\\/logo\\\/image\\\/\",\"url\":\"https:\\\/\\\/estudio75.cl\\\/wp-content\\\/uploads\\\/2025\\\/05\\\/cropped-logo-apaisado.jpg\",\"contentUrl\":\"https:\\\/\\\/estudio75.cl\\\/wp-content\\\/uploads\\\/2025\\\/05\\\/cropped-logo-apaisado.jpg\",\"width\":1098,\"height\":252,\"caption\":\"Estudio 75\"},\"image\":{\"@id\":\"https:\\\/\\\/estudio75.cl\\\/#\\\/schema\\\/logo\\\/image\\\/\"},\"sameAs\":[\"https:\\\/\\\/www.facebook.com\\\/estudio75\",\"https:\\\/\\\/www.instagram.com\\\/estudio75.chile\\\/\"]}]}<\/script>\n<!-- \/ Yoast SEO plugin. -->","yoast_head_json":{"title":"Blog - Estudio 75","robots":{"index":"index","follow":"follow","max-snippet":"max-snippet:-1","max-image-preview":"max-image-preview:large","max-video-preview":"max-video-preview:-1"},"canonical":"https:\/\/estudio75.cl\/index.php\/blog\/","og_locale":"es_ES","og_type":"article","og_title":"Blog - Estudio 75","og_description":"Blog Descubre ideas, tendencias y consejos en construcci\u00f3n, remodelaciones, dise\u00f1o de quinchos, paisajismo y piscinas. Insp\u00edrate con nuestros proyectos y transforma tus espacios con soluciones que combinan funcionalidad, est\u00e9tica y calidad.","og_url":"https:\/\/estudio75.cl\/index.php\/blog\/","og_site_name":"Estudio 75","article_publisher":"https:\/\/www.facebook.com\/estudio75","article_modified_time":"2025-06-29T17:10:21+00:00","twitter_card":"summary_large_image","twitter_misc":{"Tiempo de lectura":"1 minuto"},"schema":{"@context":"https:\/\/schema.org","@graph":[{"@type":"WebPage","@id":"https:\/\/estudio75.cl\/index.php\/blog\/","url":"https:\/\/estudio75.cl\/index.php\/blog\/","name":"Blog - Estudio 75","isPartOf":{"@id":"https:\/\/estudio75.cl\/#website"},"datePublished":"2025-05-10T21:25:35+00:00","dateModified":"2025-06-29T17:10:21+00:00","breadcrumb":{"@id":"https:\/\/estudio75.cl\/index.php\/blog\/#breadcrumb"},"inLanguage":"es","potentialAction":[{"@type":"ReadAction","target":["https:\/\/estudio75.cl\/index.php\/blog\/"]}]},{"@type":"BreadcrumbList","@id":"https:\/\/estudio75.cl\/index.php\/blog\/#breadcrumb","itemListElement":[{"@type":"ListItem","position":1,"name":"Portada","item":"https:\/\/estudio75.cl\/"},{"@type":"ListItem","position":2,"name":"Blog"}]},{"@type":"WebSite","@id":"https:\/\/estudio75.cl\/#website","url":"https:\/\/estudio75.cl\/","name":"Estudio 75","description":"Espacios cotidianos, experiencias extraordinarias.  En Estudio 75 dise\u00f1amos y construimos proyectos que transforman lo cotidiano en algo memorable. Somos un estudio especializado en arquitectura menor, dise\u00f1o de interiores y soluciones personalizadas como quinchos, piscinas y remodelaciones, combinando est\u00e9tica, funcionalidad y detalles que marcan la diferencia.  Como parte del ecosistema de BE Arquitectos \u2014firma con m\u00e1s de una d\u00e9cada de experiencia en dise\u00f1o y paisajismo\u2014 trabajamos con una mirada integral, profesional y cercana. Cada proyecto es \u00fanico, y lo abordamos desde la escucha, la creatividad y la eficiencia constructiva.  Creamos espacios que mejoran la vida de las personas, respetan su entorno y elevan la experiencia de habitar.","publisher":{"@id":"https:\/\/estudio75.cl\/#organization"},"potentialAction":[{"@type":"SearchAction","target":{"@type":"EntryPoint","urlTemplate":"https:\/\/estudio75.cl\/?s={search_term_string}"},"query-input":{"@type":"PropertyValueSpecification","valueRequired":true,"valueName":"search_term_string"}}],"inLanguage":"es"},{"@type":"Organization","@id":"https:\/\/estudio75.cl\/#organization","name":"Estudio 75","url":"https:\/\/estudio75.cl\/","logo":{"@type":"ImageObject","inLanguage":"es","@id":"https:\/\/estudio75.cl\/#\/schema\/logo\/image\/","url":"https:\/\/estudio75.cl\/wp-content\/uploads\/2025\/05\/cropped-logo-apaisado.jpg","contentUrl":"https:\/\/estudio75.cl\/wp-content\/uploads\/2025\/05\/cropped-logo-apaisado.jpg","width":1098,"height":252,"caption":"Estudio 75"},"image":{"@id":"https:\/\/estudio75.cl\/#\/schema\/logo\/image\/"},"sameAs":["https:\/\/www.facebook.com\/estudio75","https:\/\/www.instagram.com\/estudio75.chile\/"]}]}},"_links":{"self":[{"href":"https:\/\/estudio75.cl\/index.php\/wp-json\/wp\/v2\/pages\/28","targetHints":{"allow":["GET"]}}],"collection":[{"href":"https:\/\/estudio75.cl\/index.php\/wp-json\/wp\/v2\/pages"}],"about":[{"href":"https:\/\/estudio75.cl\/index.php\/wp-json\/wp\/v2\/types\/page"}],"author":[{"embeddable":true,"href":"https:\/\/estudio75.cl\/index.php\/wp-json\/wp\/v2\/users\/1"}],"replies":[{"embeddable":true,"href":"https:\/\/estudio75.cl\/index.php\/wp-json\/wp\/v2\/comments?post=28"}],"version-history":[{"count":28,"href":"https:\/\/estudio75.cl\/index.php\/wp-json\/wp\/v2\/pages\/28\/revisions"}],"predecessor-version":[{"id":451,"href":"https:\/\/estudio75.cl\/index.php\/wp-json\/wp\/v2\/pages\/28\/revisions\/451"}],"wp:attachment":[{"href":"https:\/\/estudio75.cl\/index.php\/wp-json\/wp\/v2\/media?parent=28"}],"curies":[{"name":"wp","href":"https:\/\/api.w.org\/{rel}","templated":true}]}}